{"id":4150,"date":"2024-09-03T15:23:06","date_gmt":"2024-09-03T13:23:06","guid":{"rendered":"https:\/\/kamerungo.org\/listing-des-dons-recurrents\/"},"modified":"2024-09-03T15:23:06","modified_gmt":"2024-09-03T13:23:06","slug":"listing-des-dons-recurrents","status":"publish","type":"page","link":"https:\/\/kamerungo.org\/fr\/listing-des-dons-recurrents\/","title":{"rendered":"Listing des dons r\u00e9currents"},"content":{"rendered":"\t<div class=\"give-form\">\n\t\t<form method=\"post\" id=\"give-email-access-form\">\n\t\t\t<p>\n\t\t\t\tVeuillez v\u00e9rifier votre adresse e-mail pour acc\u00e9der \u00e0 votre historique de don.\t\t\t<\/p>\n\n\t\t\t<label for=\"give-email\">E-mail du don\u00a0:<\/label>\n\t\t\t<input id=\"give-email\" type=\"email\" name=\"give_email\" value=\"\"\n\t\t\t\t\tplaceholder=\"Adresse e-mail\"\/>\n\t\t\t<input type=\"hidden\" name=\"_wpnonce\" value=\"39ed96d327\"\/>\n\t\t\t<input type=\"hidden\" name=\"give_action\" value=\"email_access_form_login\"\/>\n\t\t\t<input type=\"hidden\" name=\"give_access_page\" value=\"4150\"\/>\n\n\t\t\t\n\t\t\t<input type=\"submit\" class=\"give-submit\" value=\"V\u00e9rifier l\u2019e-mail\"\/>\n\t\t<\/form>\n\t<\/div>\n\t\n","protected":false},"excerpt":{"rendered":"","protected":false},"author":1,"featured_media":0,"parent":0,"menu_order":0,"comment_status":"closed","ping_status":"closed","template":"","meta":{"give_campaign_id":0,"footnotes":""},"class_list":["post-4150","page","type-page","status-publish","hentry"],"yoast_head":"<!-- This site is optimized with the Yoast SEO plugin v23.9 - https:\/\/yoast.com\/wordpress\/plugins\/seo\/ -->\n<title>Listing des dons r\u00e9currents - KamerunGO!<\/title>\n<meta name=\"robots\" content=\"index, follow, max-snippet:-1, max-image-preview:large, max-video-preview:-1\" \/>\n<link rel=\"canonical\" href=\"https:\/\/kamerungo.org\/listing-des-dons-recurrents\/\" \/>\n<meta property=\"og:locale\" content=\"fr_FR\" \/>\n<meta property=\"og:type\" content=\"article\" \/>\n<meta property=\"og:title\" content=\"Listing des dons r\u00e9currents - KamerunGO!\" \/>\n<meta property=\"og:url\" content=\"https:\/\/kamerungo.org\/listing-des-dons-recurrents\/\" \/>\n<meta property=\"og:site_name\" content=\"KamerunGO!\" \/>\n<meta property=\"article:publisher\" content=\"https:\/\/facebook.com\/kamerungo\/\" \/>\n<meta property=\"og:image\" content=\"https:\/\/kamerungo.org\/wp-content\/uploads\/2021\/11\/KamerunGO_BannerFacebook-v.0.2.png\" \/>\n\t<meta property=\"og:image:width\" content=\"1640\" \/>\n\t<meta property=\"og:image:height\" content=\"664\" \/>\n\t<meta property=\"og:image:type\" content=\"image\/png\" \/>\n<meta name=\"twitter:card\" content=\"summary_large_image\" \/>\n<script type=\"application\/ld+json\" class=\"yoast-schema-graph\">{\"@context\":\"https:\/\/schema.org\",\"@graph\":[{\"@type\":\"WebPage\",\"@id\":\"https:\/\/kamerungo.org\/listing-des-dons-recurrents\/\",\"url\":\"https:\/\/kamerungo.org\/listing-des-dons-recurrents\/\",\"name\":\"Listing des dons r\u00e9currents - KamerunGO!\",\"isPartOf\":{\"@id\":\"https:\/\/kamerungo.org\/#website\"},\"datePublished\":\"2024-09-03T13:23:06+00:00\",\"dateModified\":\"2024-09-03T13:23:06+00:00\",\"breadcrumb\":{\"@id\":\"https:\/\/kamerungo.org\/listing-des-dons-recurrents\/#breadcrumb\"},\"inLanguage\":\"fr-FR\",\"potentialAction\":[{\"@type\":\"ReadAction\",\"target\":[\"https:\/\/kamerungo.org\/listing-des-dons-recurrents\/\"]}]},{\"@type\":\"BreadcrumbList\",\"@id\":\"https:\/\/kamerungo.org\/listing-des-dons-recurrents\/#breadcrumb\",\"itemListElement\":[{\"@type\":\"ListItem\",\"position\":1,\"name\":\"Home\",\"item\":\"https:\/\/kamerungo.org\/fr\/maison-de-noel-2020\/\"},{\"@type\":\"ListItem\",\"position\":2,\"name\":\"Listing des dons r\u00e9currents\"}]},{\"@type\":\"WebSite\",\"@id\":\"https:\/\/kamerungo.org\/#website\",\"url\":\"https:\/\/kamerungo.org\/\",\"name\":\"KamerunGO!\",\"description\":\"Ta contribution permet la construction du premier centre m\u00e9dical de Bekoko au Cameroun.\",\"publisher\":{\"@id\":\"https:\/\/kamerungo.org\/#organization\"},\"potentialAction\":[{\"@type\":\"SearchAction\",\"target\":{\"@type\":\"EntryPoint\",\"urlTemplate\":\"https:\/\/kamerungo.org\/?s={search_term_string}\"},\"query-input\":{\"@type\":\"PropertyValueSpecification\",\"valueRequired\":true,\"valueName\":\"search_term_string\"}}],\"inLanguage\":\"fr-FR\"},{\"@type\":\"Organization\",\"@id\":\"https:\/\/kamerungo.org\/#organization\",\"name\":\"KamerunGO!\",\"url\":\"https:\/\/kamerungo.org\/\",\"logo\":{\"@type\":\"ImageObject\",\"inLanguage\":\"fr-FR\",\"@id\":\"https:\/\/kamerungo.org\/#\/schema\/logo\/image\/\",\"url\":\"https:\/\/kamerungo.org\/wp-content\/uploads\/2017\/11\/Logo_KamerunGO_web_v.0.1_white_square.png\",\"contentUrl\":\"https:\/\/kamerungo.org\/wp-content\/uploads\/2017\/11\/Logo_KamerunGO_web_v.0.1_white_square.png\",\"width\":2000,\"height\":2000,\"caption\":\"KamerunGO!\"},\"image\":{\"@id\":\"https:\/\/kamerungo.org\/#\/schema\/logo\/image\/\"},\"sameAs\":[\"https:\/\/facebook.com\/kamerungo\/\",\"https:\/\/www.instagram.com\/kamerungo\/\",\"https:\/\/www.youtube.com\/channel\/UCBDOv0SqVKjq9FX8x-JnjeA\/\"]}]}<\/script>\n<!-- \/ Yoast SEO plugin. -->","yoast_head_json":{"title":"Listing des dons r\u00e9currents - KamerunGO!","robots":{"index":"index","follow":"follow","max-snippet":"max-snippet:-1","max-image-preview":"max-image-preview:large","max-video-preview":"max-video-preview:-1"},"canonical":"https:\/\/kamerungo.org\/listing-des-dons-recurrents\/","og_locale":"fr_FR","og_type":"article","og_title":"Listing des dons r\u00e9currents - KamerunGO!","og_url":"https:\/\/kamerungo.org\/listing-des-dons-recurrents\/","og_site_name":"KamerunGO!","article_publisher":"https:\/\/facebook.com\/kamerungo\/","og_image":[{"width":1640,"height":664,"url":"https:\/\/kamerungo.org\/wp-content\/uploads\/2021\/11\/KamerunGO_BannerFacebook-v.0.2.png","type":"image\/png"}],"twitter_card":"summary_large_image","schema":{"@context":"https:\/\/schema.org","@graph":[{"@type":"WebPage","@id":"https:\/\/kamerungo.org\/listing-des-dons-recurrents\/","url":"https:\/\/kamerungo.org\/listing-des-dons-recurrents\/","name":"Listing des dons r\u00e9currents - KamerunGO!","isPartOf":{"@id":"https:\/\/kamerungo.org\/#website"},"datePublished":"2024-09-03T13:23:06+00:00","dateModified":"2024-09-03T13:23:06+00:00","breadcrumb":{"@id":"https:\/\/kamerungo.org\/listing-des-dons-recurrents\/#breadcrumb"},"inLanguage":"fr-FR","potentialAction":[{"@type":"ReadAction","target":["https:\/\/kamerungo.org\/listing-des-dons-recurrents\/"]}]},{"@type":"BreadcrumbList","@id":"https:\/\/kamerungo.org\/listing-des-dons-recurrents\/#breadcrumb","itemListElement":[{"@type":"ListItem","position":1,"name":"Home","item":"https:\/\/kamerungo.org\/fr\/maison-de-noel-2020\/"},{"@type":"ListItem","position":2,"name":"Listing des dons r\u00e9currents"}]},{"@type":"WebSite","@id":"https:\/\/kamerungo.org\/#website","url":"https:\/\/kamerungo.org\/","name":"KamerunGO!","description":"Ta contribution permet la construction du premier centre m\u00e9dical de Bekoko au Cameroun.","publisher":{"@id":"https:\/\/kamerungo.org\/#organization"},"potentialAction":[{"@type":"SearchAction","target":{"@type":"EntryPoint","urlTemplate":"https:\/\/kamerungo.org\/?s={search_term_string}"},"query-input":{"@type":"PropertyValueSpecification","valueRequired":true,"valueName":"search_term_string"}}],"inLanguage":"fr-FR"},{"@type":"Organization","@id":"https:\/\/kamerungo.org\/#organization","name":"KamerunGO!","url":"https:\/\/kamerungo.org\/","logo":{"@type":"ImageObject","inLanguage":"fr-FR","@id":"https:\/\/kamerungo.org\/#\/schema\/logo\/image\/","url":"https:\/\/kamerungo.org\/wp-content\/uploads\/2017\/11\/Logo_KamerunGO_web_v.0.1_white_square.png","contentUrl":"https:\/\/kamerungo.org\/wp-content\/uploads\/2017\/11\/Logo_KamerunGO_web_v.0.1_white_square.png","width":2000,"height":2000,"caption":"KamerunGO!"},"image":{"@id":"https:\/\/kamerungo.org\/#\/schema\/logo\/image\/"},"sameAs":["https:\/\/facebook.com\/kamerungo\/","https:\/\/www.instagram.com\/kamerungo\/","https:\/\/www.youtube.com\/channel\/UCBDOv0SqVKjq9FX8x-JnjeA\/"]}]}},"campaignId":"","_links":{"self":[{"href":"https:\/\/kamerungo.org\/fr\/wp-json\/wp\/v2\/pages\/4150","targetHints":{"allow":["GET"]}}],"collection":[{"href":"https:\/\/kamerungo.org\/fr\/wp-json\/wp\/v2\/pages"}],"about":[{"href":"https:\/\/kamerungo.org\/fr\/wp-json\/wp\/v2\/types\/page"}],"author":[{"embeddable":true,"href":"https:\/\/kamerungo.org\/fr\/wp-json\/wp\/v2\/users\/1"}],"replies":[{"embeddable":true,"href":"https:\/\/kamerungo.org\/fr\/wp-json\/wp\/v2\/comments?post=4150"}],"version-history":[{"count":0,"href":"https:\/\/kamerungo.org\/fr\/wp-json\/wp\/v2\/pages\/4150\/revisions"}],"wp:attachment":[{"href":"https:\/\/kamerungo.org\/fr\/wp-json\/wp\/v2\/media?parent=4150"}],"curies":[{"name":"wp","href":"https:\/\/api.w.org\/{rel}","templated":true}]}}