{"id":356,"date":"2017-09-27T20:11:46","date_gmt":"2017-09-27T18:11:46","guid":{"rendered":"https:\/\/kamerungo.org\/?page_id=356"},"modified":"2024-09-03T15:23:05","modified_gmt":"2024-09-03T13:23:05","slug":"don","status":"publish","type":"page","link":"https:\/\/kamerungo.org\/fr\/don\/","title":{"rendered":"Dons"},"content":{"rendered":"<h1>\n\t\tFAIRE UN DON\n\t<\/h1>\n<h3>\n\t\tAide-nous \u00e0 faire une diff\u00e9rence!\n\t<\/h3>\n\t<p>Gr\u00e2ce \u00e0 ton don les habitants de B\u00e9koko au Cameroun auront acc\u00e8s \u00e0 des consultations et des soins m\u00e9diaux. Pour l&rsquo;instant, nous avons besoins de CHF 20&rsquo;000, afin d&rsquo;acqu\u00e9rir le terrain sur lequel le centre de sant\u00e9 sera construit.<\/p>\n<p>Merci!<\/p>\n<h2>\n\t\tTa donation&#8230;\n\t<\/h2>\n\t<p><strong>&#8230;est vers\u00e9e \u00e0 100% pour la construction du centre de soins<\/strong><\/p>\n<p>Tout l&rsquo;\u00e9quipe du comit\u00e9 de KamerunGO! est b\u00e9n\u00e9vole. De la m\u00eame mani\u00e8re, famille et amis contribuent au projet sans r\u00e9tribution financi\u00e8re. Cela signifie que l&rsquo;entier de ta donation est mise \u00e0 contribution pour aider les habitants de Bekoko.<\/p>\n<p><strong>\u00a0&#8230;est en de bonnes mains<\/strong><\/p>\n<p>Malgr\u00e9 la cr\u00e9ation relativement r\u00e9cente de KamerunGO!, le comit\u00e9\u00a0b\u00e9n\u00e9ficie d&rsquo;une vaste exp\u00e9rience. Particuli\u00e8rement par le biais de la pr\u00e9sidente, Ursina Sprenger, qui est conna\u00eet bien le Cameroun et qui a travaill\u00e9 pour diff\u00e9rentes associations non gouvernementales. Tous les autres membres du comit\u00e9 sont actifs dans leur domaine de comp\u00e9tence professionnel.<\/p>\n<p><strong>\u2026b\u00e9n\u00e9ficie \u00e0 tous les habitants de Bekoko<\/strong><\/p>\n<p>Le centre m\u00e9dical de Bekoko est ouvert \u00e0 tous, ind\u00e9pendamment de leur confession, sexe ou origine ethnique.<\/p>\n<h2>\n\t\tDonation r\u00e9guli\u00e8re\n\t<\/h2>\n\t<p>Avec une\u00a0<strong>donation r\u00e9guli\u00e8re, <\/strong>tu peux soutenir le projet de mani\u00e8re durable ! Nous sommes tributaires de donateurs r\u00e9guliers pour assurer le fonctionnement et le d\u00e9veloppement du centre m\u00e9dical.<\/p>\n<p>Tu peux choisir \u00e0 quel rythme et pour quel montant tu souhaites nous soutenir.<\/p>\n\t\t\t<a href=\"https:\/\/kamerungo.org\/fr\/donations-recurrentes\/\" target=\"_self\" role=\"button\" rel=\"noopener noreferrer\">\n\t\t\t\t\t\t\u00c9tablir une donation r\u00e9guli\u00e8re\n\t\t\t\t\t<\/a>\n","protected":false},"excerpt":{"rendered":"<p>FAIRE UN DON Aide-nous \u00e0 faire une diff\u00e9rence! Gr\u00e2ce \u00e0 ton don les habitants de B\u00e9koko au Cameroun auront acc\u00e8s \u00e0 des consultations et des soins m\u00e9diaux. Pour l&rsquo;instant, nous avons besoins de CHF 20&rsquo;000, afin d&rsquo;acqu\u00e9rir le terrain sur lequel le centre de sant\u00e9 sera construit. Merci! Ta donation&#8230; &#8230;est vers\u00e9e \u00e0 100% pour&hellip;<\/p>\n","protected":false},"author":1,"featured_media":0,"parent":0,"menu_order":0,"comment_status":"closed","ping_status":"closed","template":"","meta":{"footnotes":""},"class_list":["post-356","page","type-page","status-publish","hentry"],"yoast_head":"<!-- This site is optimized with the Yoast SEO plugin v23.9 - https:\/\/yoast.com\/wordpress\/plugins\/seo\/ -->\n<title>KamerunGO! Aidez-nous \u00e0 construire un centre de sant\u00e9 au Cameroun.<\/title>\n<meta name=\"description\" content=\"Gr\u00e2ce \u00e0 votre don, les habitants de Bekoko, au Cameroun, auront acc\u00e8s aux soins et aux conseils.\" \/>\n<meta name=\"robots\" content=\"index, follow, max-snippet:-1, max-image-preview:large, max-video-preview:-1\" \/>\n<link rel=\"canonical\" href=\"https:\/\/kamerungo.org\/fr\/don\/\" \/>\n<meta property=\"og:locale\" content=\"fr_FR\" \/>\n<meta property=\"og:type\" content=\"article\" \/>\n<meta property=\"og:title\" content=\"KamerunGO! Aidez-nous \u00e0 construire un centre de sant\u00e9 au Cameroun.\" \/>\n<meta property=\"og:description\" content=\"Gr\u00e2ce \u00e0 votre don, les habitants de Bekoko, au Cameroun, auront acc\u00e8s aux soins et aux conseils.\" \/>\n<meta property=\"og:url\" content=\"https:\/\/kamerungo.org\/fr\/don\/\" \/>\n<meta property=\"og:site_name\" content=\"KamerunGO!\" \/>\n<meta property=\"article:publisher\" content=\"https:\/\/facebook.com\/kamerungo\/\" \/>\n<meta property=\"article:modified_time\" content=\"2024-09-03T13:23:05+00:00\" \/>\n<meta property=\"og:image\" content=\"https:\/\/kamerungo.org\/wp-content\/uploads\/2017\/10\/KamerunGO_Header_Facebook_OG.png\" \/>\n\t<meta property=\"og:image:width\" content=\"1200\" \/>\n\t<meta property=\"og:image:height\" content=\"630\" \/>\n\t<meta property=\"og:image:type\" content=\"image\/png\" \/>\n<meta name=\"twitter:card\" content=\"summary_large_image\" \/>\n<meta name=\"twitter:label1\" content=\"Dur\u00e9e de lecture estim\u00e9e\" \/>\n\t<meta name=\"twitter:data1\" content=\"1 minute\" \/>\n<script type=\"application\/ld+json\" class=\"yoast-schema-graph\">{\"@context\":\"https:\/\/schema.org\",\"@graph\":[{\"@type\":\"WebPage\",\"@id\":\"https:\/\/kamerungo.org\/fr\/don\/\",\"url\":\"https:\/\/kamerungo.org\/fr\/don\/\",\"name\":\"KamerunGO! Aidez-nous \u00e0 construire un centre de sant\u00e9 au Cameroun.\",\"isPartOf\":{\"@id\":\"https:\/\/kamerungo.org\/#website\"},\"datePublished\":\"2017-09-27T18:11:46+00:00\",\"dateModified\":\"2024-09-03T13:23:05+00:00\",\"description\":\"Gr\u00e2ce \u00e0 votre don, les habitants de Bekoko, au Cameroun, auront acc\u00e8s aux soins et aux conseils.\",\"breadcrumb\":{\"@id\":\"https:\/\/kamerungo.org\/fr\/don\/#breadcrumb\"},\"inLanguage\":\"fr-FR\",\"potentialAction\":[{\"@type\":\"ReadAction\",\"target\":[\"https:\/\/kamerungo.org\/fr\/don\/\"]}]},{\"@type\":\"BreadcrumbList\",\"@id\":\"https:\/\/kamerungo.org\/fr\/don\/#breadcrumb\",\"itemListElement\":[{\"@type\":\"ListItem\",\"position\":1,\"name\":\"Home\",\"item\":\"https:\/\/kamerungo.org\/fr\/maison-de-noel-2020\/\"},{\"@type\":\"ListItem\",\"position\":2,\"name\":\"Dons\"}]},{\"@type\":\"WebSite\",\"@id\":\"https:\/\/kamerungo.org\/#website\",\"url\":\"https:\/\/kamerungo.org\/\",\"name\":\"KamerunGO!\",\"description\":\"Ta contribution permet la construction du premier centre m\u00e9dical de Bekoko au Cameroun.\",\"publisher\":{\"@id\":\"https:\/\/kamerungo.org\/#organization\"},\"potentialAction\":[{\"@type\":\"SearchAction\",\"target\":{\"@type\":\"EntryPoint\",\"urlTemplate\":\"https:\/\/kamerungo.org\/?s={search_term_string}\"},\"query-input\":{\"@type\":\"PropertyValueSpecification\",\"valueRequired\":true,\"valueName\":\"search_term_string\"}}],\"inLanguage\":\"fr-FR\"},{\"@type\":\"Organization\",\"@id\":\"https:\/\/kamerungo.org\/#organization\",\"name\":\"KamerunGO!\",\"url\":\"https:\/\/kamerungo.org\/\",\"logo\":{\"@type\":\"ImageObject\",\"inLanguage\":\"fr-FR\",\"@id\":\"https:\/\/kamerungo.org\/#\/schema\/logo\/image\/\",\"url\":\"https:\/\/kamerungo.org\/wp-content\/uploads\/2017\/11\/Logo_KamerunGO_web_v.0.1_white_square.png\",\"contentUrl\":\"https:\/\/kamerungo.org\/wp-content\/uploads\/2017\/11\/Logo_KamerunGO_web_v.0.1_white_square.png\",\"width\":2000,\"height\":2000,\"caption\":\"KamerunGO!\"},\"image\":{\"@id\":\"https:\/\/kamerungo.org\/#\/schema\/logo\/image\/\"},\"sameAs\":[\"https:\/\/facebook.com\/kamerungo\/\",\"https:\/\/www.instagram.com\/kamerungo\/\",\"https:\/\/www.youtube.com\/channel\/UCBDOv0SqVKjq9FX8x-JnjeA\/\"]}]}<\/script>\n<!-- \/ Yoast SEO plugin. -->","yoast_head_json":{"title":"KamerunGO! Aidez-nous \u00e0 construire un centre de sant\u00e9 au Cameroun.","description":"Gr\u00e2ce \u00e0 votre don, les habitants de Bekoko, au Cameroun, auront acc\u00e8s aux soins et aux conseils.","robots":{"index":"index","follow":"follow","max-snippet":"max-snippet:-1","max-image-preview":"max-image-preview:large","max-video-preview":"max-video-preview:-1"},"canonical":"https:\/\/kamerungo.org\/fr\/don\/","og_locale":"fr_FR","og_type":"article","og_title":"KamerunGO! Aidez-nous \u00e0 construire un centre de sant\u00e9 au Cameroun.","og_description":"Gr\u00e2ce \u00e0 votre don, les habitants de Bekoko, au Cameroun, auront acc\u00e8s aux soins et aux conseils.","og_url":"https:\/\/kamerungo.org\/fr\/don\/","og_site_name":"KamerunGO!","article_publisher":"https:\/\/facebook.com\/kamerungo\/","article_modified_time":"2024-09-03T13:23:05+00:00","og_image":[{"width":1200,"height":630,"url":"https:\/\/kamerungo.org\/wp-content\/uploads\/2017\/10\/KamerunGO_Header_Facebook_OG.png","type":"image\/png"}],"twitter_card":"summary_large_image","twitter_misc":{"Dur\u00e9e de lecture estim\u00e9e":"1 minute"},"schema":{"@context":"https:\/\/schema.org","@graph":[{"@type":"WebPage","@id":"https:\/\/kamerungo.org\/fr\/don\/","url":"https:\/\/kamerungo.org\/fr\/don\/","name":"KamerunGO! Aidez-nous \u00e0 construire un centre de sant\u00e9 au Cameroun.","isPartOf":{"@id":"https:\/\/kamerungo.org\/#website"},"datePublished":"2017-09-27T18:11:46+00:00","dateModified":"2024-09-03T13:23:05+00:00","description":"Gr\u00e2ce \u00e0 votre don, les habitants de Bekoko, au Cameroun, auront acc\u00e8s aux soins et aux conseils.","breadcrumb":{"@id":"https:\/\/kamerungo.org\/fr\/don\/#breadcrumb"},"inLanguage":"fr-FR","potentialAction":[{"@type":"ReadAction","target":["https:\/\/kamerungo.org\/fr\/don\/"]}]},{"@type":"BreadcrumbList","@id":"https:\/\/kamerungo.org\/fr\/don\/#breadcrumb","itemListElement":[{"@type":"ListItem","position":1,"name":"Home","item":"https:\/\/kamerungo.org\/fr\/maison-de-noel-2020\/"},{"@type":"ListItem","position":2,"name":"Dons"}]},{"@type":"WebSite","@id":"https:\/\/kamerungo.org\/#website","url":"https:\/\/kamerungo.org\/","name":"KamerunGO!","description":"Ta contribution permet la construction du premier centre m\u00e9dical de Bekoko au Cameroun.","publisher":{"@id":"https:\/\/kamerungo.org\/#organization"},"potentialAction":[{"@type":"SearchAction","target":{"@type":"EntryPoint","urlTemplate":"https:\/\/kamerungo.org\/?s={search_term_string}"},"query-input":{"@type":"PropertyValueSpecification","valueRequired":true,"valueName":"search_term_string"}}],"inLanguage":"fr-FR"},{"@type":"Organization","@id":"https:\/\/kamerungo.org\/#organization","name":"KamerunGO!","url":"https:\/\/kamerungo.org\/","logo":{"@type":"ImageObject","inLanguage":"fr-FR","@id":"https:\/\/kamerungo.org\/#\/schema\/logo\/image\/","url":"https:\/\/kamerungo.org\/wp-content\/uploads\/2017\/11\/Logo_KamerunGO_web_v.0.1_white_square.png","contentUrl":"https:\/\/kamerungo.org\/wp-content\/uploads\/2017\/11\/Logo_KamerunGO_web_v.0.1_white_square.png","width":2000,"height":2000,"caption":"KamerunGO!"},"image":{"@id":"https:\/\/kamerungo.org\/#\/schema\/logo\/image\/"},"sameAs":["https:\/\/facebook.com\/kamerungo\/","https:\/\/www.instagram.com\/kamerungo\/","https:\/\/www.youtube.com\/channel\/UCBDOv0SqVKjq9FX8x-JnjeA\/"]}]}},"_links":{"self":[{"href":"https:\/\/kamerungo.org\/fr\/wp-json\/wp\/v2\/pages\/356","targetHints":{"allow":["GET"]}}],"collection":[{"href":"https:\/\/kamerungo.org\/fr\/wp-json\/wp\/v2\/pages"}],"about":[{"href":"https:\/\/kamerungo.org\/fr\/wp-json\/wp\/v2\/types\/page"}],"author":[{"embeddable":true,"href":"https:\/\/kamerungo.org\/fr\/wp-json\/wp\/v2\/users\/1"}],"replies":[{"embeddable":true,"href":"https:\/\/kamerungo.org\/fr\/wp-json\/wp\/v2\/comments?post=356"}],"version-history":[{"count":2,"href":"https:\/\/kamerungo.org\/fr\/wp-json\/wp\/v2\/pages\/356\/revisions"}],"predecessor-version":[{"id":4147,"href":"https:\/\/kamerungo.org\/fr\/wp-json\/wp\/v2\/pages\/356\/revisions\/4147"}],"wp:attachment":[{"href":"https:\/\/kamerungo.org\/fr\/wp-json\/wp\/v2\/media?parent=356"}],"curies":[{"name":"wp","href":"https:\/\/api.w.org\/{rel}","templated":true}]}}