{"id":306,"date":"2017-07-04T23:58:59","date_gmt":"2017-07-04T21:58:59","guid":{"rendered":"https:\/\/kamerungo.org\/?page_id=306"},"modified":"2024-02-20T09:41:35","modified_gmt":"2024-02-20T08:41:35","slug":"equipe","status":"publish","type":"page","link":"https:\/\/kamerungo.org\/fr\/equipe\/","title":{"rendered":"Qui sommes-nous"},"content":{"rendered":"\n<h1>\n\t\tPlus d&rsquo;d\u00e9tails sur Le CamerounGO !\n\t<\/h1>\n<h3>\n\t\tCamerounGO ! est une petite organisation \u00e0 but non lucratif humanitaire et b\u00e9n\u00e9vole bas\u00e9e en Suisse.\n\t<\/h3>\n\t\n<p>L&rsquo;ensemble du conseil d&rsquo;administration de CameroonGO! travaille sur une base volontaire, et les amis et la famille apportent \u00e9galement leur expertise sans compensation financi\u00e8re. Cela signifie que votre don ne se dess\u00e8che pas quelque part en Suisse, mais profite directement aux gens de Bekoko. Bien que l&rsquo;association CameroonGO! relativement jeune, le Conseil d&rsquo;administration apporte d\u00e9j\u00e0 avec lui une riche exp\u00e9rience. En particulier, notre pr\u00e9sidente Ursina Sprenger, tr\u00e8s li\u00e9e au Cameroun et qui a travaill\u00e9 dans diverses organisations non lucratives. Tous les autres membres du Conseil d&rsquo;administration participent \u00e9galement \u00e0 des t\u00e2ches qu&rsquo;ils connaissent d\u00e9j\u00e0 du monde du travail.<\/p>\n<h4>\n\t\tNouvelles du Cameroun\n\t<\/h4>\n\t\t\t<a href=\"https:\/\/kamerungo.org\/#news\" target=\"_self\" role=\"button\" rel=\"noopener\">\n\t\t\t\t\t\tPlus d&rsquo;actualit\u00e9s\n\t\t\t\t\t<\/a>\n<h2>\n\t\tLe Cameroungo ! Team Suisse\n\t<\/h2>\n\t\t\t\t<img decoding=\"async\" src=\"https:\/\/kamerungo.org\/wp-content\/uploads\/2017\/07\/ursina2-1024x683.jpg\" alt=\"Ursina\" itemprop=\"image\" height=\"683\" width=\"1024\" title=\"Ursina\" onerror=\"this.style.display='none'\"  \/>\n\t<strong>Ursina Sprenger<\/strong><br \/>\n<i>Founder and President<\/i>\n\t\t\t\t<img decoding=\"async\" src=\"https:\/\/kamerungo.org\/wp-content\/uploads\/2020\/02\/Joel_KamerunGO.jpg\" alt=\"Joel_KamerunGO\" itemprop=\"image\" height=\"683\" width=\"1024\" title=\"Joel_KamerunGO\" onerror=\"this.style.display='none'\"  \/>\n\t<strong>Jo\u00ebl Schmid<\/strong><br \/>\n<em>Co President<\/em>\n\t\t\t\t<img decoding=\"async\" src=\"https:\/\/kamerungo.org\/wp-content\/uploads\/2019\/03\/nelly.jpg\" alt=\"nelly\" itemprop=\"image\" height=\"2832\" width=\"4240\" title=\"nelly\" onerror=\"this.style.display='none'\"  \/>\n\t<strong>Cornelia Neff<\/strong><br \/>\n<em>Health Manager<\/em>\n\t\t\t\t<img decoding=\"async\" src=\"https:\/\/kamerungo.org\/wp-content\/uploads\/2017\/07\/Honore\u0301-1024x688.png\" alt=\"Honore\u0301\" itemprop=\"image\" height=\"688\" width=\"1024\" title=\"Honore\u0301\" onerror=\"this.style.display='none'\"  \/>\n\t<strong>Honor\u00e9 Moundo<\/strong><br \/>\n<em>Co-Founder and Project Coordinator<\/em>\n\t\t\t\t<img decoding=\"async\" src=\"https:\/\/kamerungo.org\/wp-content\/uploads\/2019\/12\/Sofia_KamerunGO.jpg\" alt=\"Sofia_KamerunGO\" itemprop=\"image\" height=\"2832\" width=\"4240\" title=\"Sofia_KamerunGO\" onerror=\"this.style.display='none'\"  \/>\n\t<strong>Sofia Nerlich<\/strong><br \/>\n<em>Health Manager<\/em>\n\t\t\t\t<img decoding=\"async\" src=\"https:\/\/kamerungo.org\/wp-content\/uploads\/2017\/07\/andrin.jpg\" alt=\"Andrin\" itemprop=\"image\" height=\"2304\" width=\"3456\" title=\"Andrin\" onerror=\"this.style.display='none'\"  \/>\n\t<strong>Andrin Schmidhalter<\/strong><br \/>\n<em>Marketing<\/em>\n\t\t\t\t<img decoding=\"async\" src=\"https:\/\/kamerungo.org\/wp-content\/uploads\/2019\/12\/Nicole_KamerunGO.jpg\" alt=\"Nicole_KamerunGO\" itemprop=\"image\" height=\"2832\" width=\"4240\" title=\"Nicole_KamerunGO\" onerror=\"this.style.display='none'\"  \/>\n\t<strong>Nicole Sinkovits<\/strong><br \/>\n<em>Marketing et m\u00e9dias sociaux<\/em>\n\t\t\t\t<img decoding=\"async\" src=\"https:\/\/kamerungo.org\/wp-content\/uploads\/2019\/12\/Therese_KamerunGO.jpg\" alt=\"Therese_KamerunGO\" itemprop=\"image\" height=\"2832\" width=\"4240\" title=\"Therese_KamerunGO\" onerror=\"this.style.display='none'\"  \/>\n\t<strong>Th\u00e9r\u00e8se Erni<\/strong><br \/>\n<em>Finance &amp; Controlling<\/em>\n\t\t\t\t<img decoding=\"async\" src=\"https:\/\/kamerungo.org\/wp-content\/uploads\/2020\/02\/Janine_Kappeler.png\" alt=\"Janine_Kappeler\" itemprop=\"image\" height=\"683\" width=\"1024\" title=\"Janine_Kappeler\" onerror=\"this.style.display='none'\"  \/>\n\t<strong>Janine Kappeler<br \/>\n <\/strong> <em>Fundraising and Sponsoring<\/em>\n<h2>\n\t\tNos partenaires\n\t<\/h2>\n<h3>\n\t\tNous comptons sur des partenaires solides pour am\u00e9liorer la situation sanitaire au Cameroun \u00e0 long terme.\n\t<\/h3>\n\t<p>Avec notre organisation partenaire CameroonGO! en Suisse, nous voulons cr\u00e9er un centre m\u00e9dical \u00e0 Bekoko de mani\u00e8re durable. D&rsquo;autres partenaires en Suisse et au Cameroun nous aident dans nos t\u00e2ches financi\u00e8res, mat\u00e9rielles ou organisationnelles.<\/p>\n\t\t\t\t<a href=\"https:\/\/hopeandlifecameroun.org\/\" target=\"_self\" itemprop=\"url\" rel=\"noopener\">\n\t\t\t\t<img decoding=\"async\" src=\"https:\/\/kamerungo.org\/wp-content\/uploads\/2017\/12\/Logo_HopeAndLifeCameroun_v.0.1_white_500-300x124.png\" alt=\"Logo_HopeAndLifeCameroun_v.0.1_white_500\" itemprop=\"image\" height=\"124\" width=\"300\" title=\"Logo_HopeAndLifeCameroun_v.0.1_white_500\" onerror=\"this.style.display='none'\"  \/>\n\t\t\t\t<\/a>\n\t<p>Avec notre association partenaire locale, nous voulons am\u00e9liorer durablement les soins de sant\u00e9 au Cameroun. L&rsquo;association a \u00e9t\u00e9 fond\u00e9e par les m\u00eames fondateurs que KamerunGO! et partage les m\u00eames valeurs. Nous travaillons en \u00e9troite collaboration.<\/p>\n\t\t\t\t<a href=\"https:\/\/www.barmherzigkeit.at\/\" target=\"_blank\" rel=\"noopener\" itemprop=\"url\">\n\t\t\t\t<img decoding=\"async\" src=\"https:\/\/kamerungo.org\/wp-content\/uploads\/2019\/09\/wmf_logo_4c_NEU.eps_-300x53.jpeg\" alt=\"wmf_logo_4c_NEU.eps\" itemprop=\"image\" height=\"53\" width=\"300\" title=\"wmf_logo_4c_NEU.eps\" onerror=\"this.style.display='none'\"  \/>\n\t\t\t\t<\/a>\n\t<p>Wmf Mercy e.V. nous a cru et notre projet depuis le d\u00e9but. Nous sommes tr\u00e8s reconnaissants pour leur soutien financier et mental!<\/p>\n\t\t\t\t<a href=\"https:\/\/www.bon-secours.de\/\" target=\"_blank\" rel=\"noopener\" itemprop=\"url\">\n\t\t\t\t<img decoding=\"async\" src=\"https:\/\/kamerungo.org\/wp-content\/uploads\/2017\/12\/logo_bonsecours-300x113.jpg\" alt=\"logo_bonsecours\" itemprop=\"image\" height=\"113\" width=\"300\" title=\"logo_bonsecours\" onerror=\"this.style.display='none'\"  \/>\n\t\t\t\t<\/a>\n\t<p>Avec Bon Secours, nous avons r\u00e9cemment \u00e9tendu notre partenariat et sommes maintenant le coordinateur local avec la plupart des projets au Cameroun.<\/p>\n\t\t\t\t<img decoding=\"async\" src=\"https:\/\/kamerungo.org\/wp-content\/uploads\/2017\/10\/MedicalnetworkCameroon-286x300.png\" alt=\"MedicalnetworkCameroon\" itemprop=\"image\" height=\"300\" width=\"286\" title=\"MedicalnetworkCameroon\" onerror=\"this.style.display='none'\"  \/>\n\t<p>Le Medical Center Hope and Life et l&rsquo;association Hope and Life Cameroon sont tous deux partenaires du R\u00e9seau M\u00e9dical Cameron, lanc\u00e9 en 2016 par Bon Secours e.V.!<\/p>\n\t\t\t\t<a href=\"http:\/\/solafrica.ch\" target=\"_blank\" rel=\"noopener\" itemprop=\"url\">\n\t\t\t\t<img decoding=\"async\" src=\"https:\/\/kamerungo.org\/wp-content\/uploads\/2018\/12\/Logo-neu_Logo-Claim-300x92.png\" alt=\"Logo-neu_Logo-Claim\" itemprop=\"image\" height=\"92\" width=\"300\" title=\"Logo-neu_Logo-Claim\" onerror=\"this.style.display='none'\"  \/>\n\t\t\t\t<\/a>\n\t<p>Nous prenons la durabilit\u00e9 tr\u00e8s au s\u00e9rieux. Dans un pays comme le Cameroun, cependant, c&rsquo;est un plus grand d\u00e9fi. Avec Solafrica et Jeunesse Verte, nous avons trouv\u00e9 des partenaires qui nous ont aid\u00e9s \u00e0 assurer un approvisionnement \u00e9nerg\u00e9tique durable.<\/p>\n\n","protected":false},"excerpt":{"rendered":"<p>Plus d&rsquo;d\u00e9tails sur Le CamerounGO ! CamerounGO ! est une petite organisation \u00e0 but non lucratif humanitaire et b\u00e9n\u00e9vole bas\u00e9e en Suisse. L&rsquo;ensemble du conseil d&rsquo;administration de CameroonGO! travaille sur une base volontaire, et les amis et la famille apportent \u00e9galement leur expertise sans compensation financi\u00e8re. Cela signifie que votre don ne se dess\u00e8che pas&hellip;<\/p>\n","protected":false},"author":1,"featured_media":0,"parent":0,"menu_order":0,"comment_status":"closed","ping_status":"closed","template":"","meta":{"footnotes":""},"class_list":["post-306","page","type-page","status-publish","hentry"],"yoast_head":"<!-- This site is optimized with the Yoast SEO plugin v23.9 - https:\/\/yoast.com\/wordpress\/plugins\/seo\/ -->\n<title>En savoir plus sur nous - qui sommes-nous ? KamerunGO!<\/title>\n<meta name=\"description\" content=\"Nous sommes deux associations, l\u2019une en Suisse et l\u2019autre au Cameroun, compos\u00e9e de b\u00e9n\u00e9voles engag\u00e9s pour le projet CamerounGO ! 2000.\" \/>\n<meta name=\"robots\" content=\"index, follow, max-snippet:-1, max-image-preview:large, max-video-preview:-1\" \/>\n<link rel=\"canonical\" href=\"https:\/\/kamerungo.org\/fr\/equipe\/\" \/>\n<meta property=\"og:locale\" content=\"fr_FR\" \/>\n<meta property=\"og:type\" content=\"article\" \/>\n<meta property=\"og:title\" content=\"En savoir plus sur nous - qui sommes-nous ? KamerunGO!\" \/>\n<meta property=\"og:description\" content=\"Nous sommes deux associations, l\u2019une en Suisse et l\u2019autre au Cameroun, compos\u00e9e de b\u00e9n\u00e9voles engag\u00e9s pour le projet CamerounGO ! 2000.\" \/>\n<meta property=\"og:url\" content=\"https:\/\/kamerungo.org\/fr\/equipe\/\" \/>\n<meta property=\"og:site_name\" content=\"KamerunGO!\" \/>\n<meta property=\"article:publisher\" content=\"https:\/\/facebook.com\/kamerungo\/\" \/>\n<meta property=\"article:modified_time\" content=\"2024-02-20T08:41:35+00:00\" \/>\n<meta property=\"og:image\" content=\"https:\/\/kamerungo.org\/wp-content\/uploads\/2017\/10\/KamerunGO_Header_Facebook_OG.png\" \/>\n\t<meta property=\"og:image:width\" content=\"1200\" \/>\n\t<meta property=\"og:image:height\" content=\"630\" \/>\n\t<meta property=\"og:image:type\" content=\"image\/png\" \/>\n<meta name=\"twitter:card\" content=\"summary_large_image\" \/>\n<meta name=\"twitter:label1\" content=\"Dur\u00e9e de lecture estim\u00e9e\" \/>\n\t<meta name=\"twitter:data1\" content=\"2 minutes\" \/>\n<script type=\"application\/ld+json\" class=\"yoast-schema-graph\">{\"@context\":\"https:\/\/schema.org\",\"@graph\":[{\"@type\":\"WebPage\",\"@id\":\"https:\/\/kamerungo.org\/fr\/equipe\/\",\"url\":\"https:\/\/kamerungo.org\/fr\/equipe\/\",\"name\":\"En savoir plus sur nous - qui sommes-nous ? KamerunGO!\",\"isPartOf\":{\"@id\":\"https:\/\/kamerungo.org\/#website\"},\"primaryImageOfPage\":{\"@id\":\"https:\/\/kamerungo.org\/fr\/equipe\/#primaryimage\"},\"image\":{\"@id\":\"https:\/\/kamerungo.org\/fr\/equipe\/#primaryimage\"},\"thumbnailUrl\":\"https:\/\/kamerungo.org\/wp-content\/uploads\/2017\/07\/ursina2-1024x683.jpg\",\"datePublished\":\"2017-07-04T21:58:59+00:00\",\"dateModified\":\"2024-02-20T08:41:35+00:00\",\"description\":\"Nous sommes deux associations, l\u2019une en Suisse et l\u2019autre au Cameroun, compos\u00e9e de b\u00e9n\u00e9voles engag\u00e9s pour le projet CamerounGO ! 2000.\",\"breadcrumb\":{\"@id\":\"https:\/\/kamerungo.org\/fr\/equipe\/#breadcrumb\"},\"inLanguage\":\"fr-FR\",\"potentialAction\":[{\"@type\":\"ReadAction\",\"target\":[\"https:\/\/kamerungo.org\/fr\/equipe\/\"]}]},{\"@type\":\"ImageObject\",\"inLanguage\":\"fr-FR\",\"@id\":\"https:\/\/kamerungo.org\/fr\/equipe\/#primaryimage\",\"url\":\"https:\/\/kamerungo.org\/wp-content\/uploads\/2017\/07\/ursina2-1024x683.jpg\",\"contentUrl\":\"https:\/\/kamerungo.org\/wp-content\/uploads\/2017\/07\/ursina2-1024x683.jpg\"},{\"@type\":\"BreadcrumbList\",\"@id\":\"https:\/\/kamerungo.org\/fr\/equipe\/#breadcrumb\",\"itemListElement\":[{\"@type\":\"ListItem\",\"position\":1,\"name\":\"Home\",\"item\":\"https:\/\/kamerungo.org\/fr\/maison-de-noel-2020\/\"},{\"@type\":\"ListItem\",\"position\":2,\"name\":\"Qui sommes-nous\"}]},{\"@type\":\"WebSite\",\"@id\":\"https:\/\/kamerungo.org\/#website\",\"url\":\"https:\/\/kamerungo.org\/\",\"name\":\"KamerunGO!\",\"description\":\"Ta contribution permet la construction du premier centre m\u00e9dical de Bekoko au Cameroun.\",\"publisher\":{\"@id\":\"https:\/\/kamerungo.org\/#organization\"},\"potentialAction\":[{\"@type\":\"SearchAction\",\"target\":{\"@type\":\"EntryPoint\",\"urlTemplate\":\"https:\/\/kamerungo.org\/?s={search_term_string}\"},\"query-input\":{\"@type\":\"PropertyValueSpecification\",\"valueRequired\":true,\"valueName\":\"search_term_string\"}}],\"inLanguage\":\"fr-FR\"},{\"@type\":\"Organization\",\"@id\":\"https:\/\/kamerungo.org\/#organization\",\"name\":\"KamerunGO!\",\"url\":\"https:\/\/kamerungo.org\/\",\"logo\":{\"@type\":\"ImageObject\",\"inLanguage\":\"fr-FR\",\"@id\":\"https:\/\/kamerungo.org\/#\/schema\/logo\/image\/\",\"url\":\"https:\/\/kamerungo.org\/wp-content\/uploads\/2017\/11\/Logo_KamerunGO_web_v.0.1_white_square.png\",\"contentUrl\":\"https:\/\/kamerungo.org\/wp-content\/uploads\/2017\/11\/Logo_KamerunGO_web_v.0.1_white_square.png\",\"width\":2000,\"height\":2000,\"caption\":\"KamerunGO!\"},\"image\":{\"@id\":\"https:\/\/kamerungo.org\/#\/schema\/logo\/image\/\"},\"sameAs\":[\"https:\/\/facebook.com\/kamerungo\/\",\"https:\/\/www.instagram.com\/kamerungo\/\",\"https:\/\/www.youtube.com\/channel\/UCBDOv0SqVKjq9FX8x-JnjeA\/\"]}]}<\/script>\n<!-- \/ Yoast SEO plugin. -->","yoast_head_json":{"title":"En savoir plus sur nous - qui sommes-nous ? KamerunGO!","description":"Nous sommes deux associations, l\u2019une en Suisse et l\u2019autre au Cameroun, compos\u00e9e de b\u00e9n\u00e9voles engag\u00e9s pour le projet CamerounGO ! 2000.","robots":{"index":"index","follow":"follow","max-snippet":"max-snippet:-1","max-image-preview":"max-image-preview:large","max-video-preview":"max-video-preview:-1"},"canonical":"https:\/\/kamerungo.org\/fr\/equipe\/","og_locale":"fr_FR","og_type":"article","og_title":"En savoir plus sur nous - qui sommes-nous ? KamerunGO!","og_description":"Nous sommes deux associations, l\u2019une en Suisse et l\u2019autre au Cameroun, compos\u00e9e de b\u00e9n\u00e9voles engag\u00e9s pour le projet CamerounGO ! 2000.","og_url":"https:\/\/kamerungo.org\/fr\/equipe\/","og_site_name":"KamerunGO!","article_publisher":"https:\/\/facebook.com\/kamerungo\/","article_modified_time":"2024-02-20T08:41:35+00:00","og_image":[{"width":1200,"height":630,"url":"https:\/\/kamerungo.org\/wp-content\/uploads\/2017\/10\/KamerunGO_Header_Facebook_OG.png","type":"image\/png"}],"twitter_card":"summary_large_image","twitter_misc":{"Dur\u00e9e de lecture estim\u00e9e":"2 minutes"},"schema":{"@context":"https:\/\/schema.org","@graph":[{"@type":"WebPage","@id":"https:\/\/kamerungo.org\/fr\/equipe\/","url":"https:\/\/kamerungo.org\/fr\/equipe\/","name":"En savoir plus sur nous - qui sommes-nous ? KamerunGO!","isPartOf":{"@id":"https:\/\/kamerungo.org\/#website"},"primaryImageOfPage":{"@id":"https:\/\/kamerungo.org\/fr\/equipe\/#primaryimage"},"image":{"@id":"https:\/\/kamerungo.org\/fr\/equipe\/#primaryimage"},"thumbnailUrl":"https:\/\/kamerungo.org\/wp-content\/uploads\/2017\/07\/ursina2-1024x683.jpg","datePublished":"2017-07-04T21:58:59+00:00","dateModified":"2024-02-20T08:41:35+00:00","description":"Nous sommes deux associations, l\u2019une en Suisse et l\u2019autre au Cameroun, compos\u00e9e de b\u00e9n\u00e9voles engag\u00e9s pour le projet CamerounGO ! 2000.","breadcrumb":{"@id":"https:\/\/kamerungo.org\/fr\/equipe\/#breadcrumb"},"inLanguage":"fr-FR","potentialAction":[{"@type":"ReadAction","target":["https:\/\/kamerungo.org\/fr\/equipe\/"]}]},{"@type":"ImageObject","inLanguage":"fr-FR","@id":"https:\/\/kamerungo.org\/fr\/equipe\/#primaryimage","url":"https:\/\/kamerungo.org\/wp-content\/uploads\/2017\/07\/ursina2-1024x683.jpg","contentUrl":"https:\/\/kamerungo.org\/wp-content\/uploads\/2017\/07\/ursina2-1024x683.jpg"},{"@type":"BreadcrumbList","@id":"https:\/\/kamerungo.org\/fr\/equipe\/#breadcrumb","itemListElement":[{"@type":"ListItem","position":1,"name":"Home","item":"https:\/\/kamerungo.org\/fr\/maison-de-noel-2020\/"},{"@type":"ListItem","position":2,"name":"Qui sommes-nous"}]},{"@type":"WebSite","@id":"https:\/\/kamerungo.org\/#website","url":"https:\/\/kamerungo.org\/","name":"KamerunGO!","description":"Ta contribution permet la construction du premier centre m\u00e9dical de Bekoko au Cameroun.","publisher":{"@id":"https:\/\/kamerungo.org\/#organization"},"potentialAction":[{"@type":"SearchAction","target":{"@type":"EntryPoint","urlTemplate":"https:\/\/kamerungo.org\/?s={search_term_string}"},"query-input":{"@type":"PropertyValueSpecification","valueRequired":true,"valueName":"search_term_string"}}],"inLanguage":"fr-FR"},{"@type":"Organization","@id":"https:\/\/kamerungo.org\/#organization","name":"KamerunGO!","url":"https:\/\/kamerungo.org\/","logo":{"@type":"ImageObject","inLanguage":"fr-FR","@id":"https:\/\/kamerungo.org\/#\/schema\/logo\/image\/","url":"https:\/\/kamerungo.org\/wp-content\/uploads\/2017\/11\/Logo_KamerunGO_web_v.0.1_white_square.png","contentUrl":"https:\/\/kamerungo.org\/wp-content\/uploads\/2017\/11\/Logo_KamerunGO_web_v.0.1_white_square.png","width":2000,"height":2000,"caption":"KamerunGO!"},"image":{"@id":"https:\/\/kamerungo.org\/#\/schema\/logo\/image\/"},"sameAs":["https:\/\/facebook.com\/kamerungo\/","https:\/\/www.instagram.com\/kamerungo\/","https:\/\/www.youtube.com\/channel\/UCBDOv0SqVKjq9FX8x-JnjeA\/"]}]}},"_links":{"self":[{"href":"https:\/\/kamerungo.org\/fr\/wp-json\/wp\/v2\/pages\/306","targetHints":{"allow":["GET"]}}],"collection":[{"href":"https:\/\/kamerungo.org\/fr\/wp-json\/wp\/v2\/pages"}],"about":[{"href":"https:\/\/kamerungo.org\/fr\/wp-json\/wp\/v2\/types\/page"}],"author":[{"embeddable":true,"href":"https:\/\/kamerungo.org\/fr\/wp-json\/wp\/v2\/users\/1"}],"replies":[{"embeddable":true,"href":"https:\/\/kamerungo.org\/fr\/wp-json\/wp\/v2\/comments?post=306"}],"version-history":[{"count":3,"href":"https:\/\/kamerungo.org\/fr\/wp-json\/wp\/v2\/pages\/306\/revisions"}],"predecessor-version":[{"id":3219,"href":"https:\/\/kamerungo.org\/fr\/wp-json\/wp\/v2\/pages\/306\/revisions\/3219"}],"wp:attachment":[{"href":"https:\/\/kamerungo.org\/fr\/wp-json\/wp\/v2\/media?parent=306"}],"curies":[{"name":"wp","href":"https:\/\/api.w.org\/{rel}","templated":true}]}}