{"id":183,"date":"2017-07-04T23:58:51","date_gmt":"2017-07-04T21:58:51","guid":{"rendered":"https:\/\/kamerungo.ch\/unsere-mission\/"},"modified":"2024-09-03T15:23:14","modified_gmt":"2024-09-03T13:23:14","slug":"projet","status":"publish","type":"page","link":"https:\/\/kamerungo.org\/fr\/projet\/","title":{"rendered":"Projet"},"content":{"rendered":"<h1>\n\t\tLe Project<br \/>\n\t<\/h1>\n<h3>\n\t\tEn savoir plus sur le Cameroun et notre projet humanitaire \u00e0 Bekoko.<br \/>\n\t<\/h3>\n<p>L&rsquo;association KamerunGO! a pour objectif de mettre sur pied un centre de sant\u00e9 g\u00e9r\u00e9 par des employ\u00e9s locaux. Il s&rsquo;agira d&rsquo;un centre de soins et de consultations et nous travaillerons avec les h\u00f4pitaux de la r\u00e9gion quand n\u00e9cessaire.<\/p>\n<p>De cette mani\u00e8re, les habitants de Bekoko auront la possibilit\u00e9 de recevoir de l&rsquo;aide en cas de maladie a\u00efgue, d&rsquo;accident et pourront recevoir des conseils de sant\u00e9 avis\u00e9s. Par ailleurs, les enfants pourront se faire vacciner et de petites interventions pour les personnes \u00e2g\u00e9es se feront sur place, ce qui n&rsquo;est aujourd&rsquo;hui pas possible.\u00a0 Notre objectif est que les habitants puissent recevoir des conseils et \u00eatre soign\u00e9s sans devoir se d\u00e9placer loin. En cas de besoins, le lien sera fait avec des h\u00f4pitaux ou d&rsquo;autres centres m\u00e9dicaux de la r\u00e9gion.<\/p>\n<p>\t\t\t\t<img decoding=\"async\" src=\"https:\/\/kamerungo.org\/wp-content\/uploads\/2017\/07\/Bekoko-02.jpg\" alt=\"Bekoko\" itemprop=\"image\" height=\"717\" width=\"960\" title=\"Bekoko\"  \/><\/p>\n<h2>\n\t\tCalendrier du projet<br \/>\n\t<\/h2>\n<p>Avant la fin de l&rsquo;ann\u00e9e 2017, nous allons acheter le terrain sur lequel le centre de sant\u00e9 sera construit. Nous avons besoin d&rsquo;un terrain de 1000m2 sur lequel un b\u00e2timent sera construit. Par le biais du centre de sant\u00e9, nous souhaitons offrir aux habitants un lieu d&rsquo;\u00e9change qui pourra \u00eatre utilis\u00e9 \u00e0 des fins de formation dans le futur. Proche du b\u00e2timent nous planifions \u00e9galement la construction d&rsquo;une place de jeux pour que les enfants du village aient un endroit s\u00fbr pour jouer.\u00a0 La fontaine avec syst\u00e8me de filtrage est bien entendu \u00e0 disposition de tous.<\/p>\n<p>\t\t\t\t<img decoding=\"async\" src=\"https:\/\/kamerungo.org\/wp-content\/uploads\/2017\/07\/timeline-FR.png\" alt=\"timeline FR\" itemprop=\"image\" height=\"496\" width=\"1348\" title=\"timeline FR\"  \/><\/p>\n<p><strong>CHF 20&rsquo;000 pour l&rsquo;achat du terrain d&rsquo;ici \u00e0 la fin de l&rsquo;ann\u00e9e 2017<\/strong><\/p>\n<p>Aide-nous \u00e0 acheter un terrain de 1000m2 \u00e0 Bekoko que nous utiliserons pour construire un centre de sant\u00e9 pour la population du village et de la r\u00e9gion.<\/p>\n<p><strong>CHF 100&rsquo;000 pour le b\u00e2timent ainsi que l&rsquo;am\u00e9nagement int\u00e9rieur d&rsquo;ici \u00e0 la fin de l&rsquo;ann\u00e9e 2018<\/strong><\/p>\n<p>La construction du centre de sant\u00e9 sera confi\u00e9e \u00e0 de petites entreprises locales. Nous planifions de commencer la construction en mars 2018. Ensuite, nous nous concentrerons sur l&rsquo;am\u00e9nagement int\u00e9rieur du b\u00e2timent ainsi que des \u00e9l\u00e9ments ext\u00e9rieurs tels que la place de jeux, la fontaine et une plantation d&rsquo;ananas.<\/p>\n<p><strong>CHF 24&rsquo;000 frais d&rsquo;exploitation l&rsquo;ann\u00e9e suivante<\/strong><\/p>\n<p>Fin 2018, le centre de sant\u00e9 devrait ouvrir ses portes. \u00c0 nos yeux, une formation de qualit\u00e9 des employ\u00e9s du centre ainsi que des \u00e9quipements propres sont essentiels.\u00a0 De plus, nous calculons CHF 2&rsquo;000 pour les salaires des employ\u00e9s, les frais d&rsquo;exploitation ainsi que les m\u00e9dicaments.<\/p>\n<h3>\n\t\tB\u00e9koko se situe au sud de Douala<br \/>\n\t<\/h3>\n<p>\t<iframe src=\"https:\/\/www.google.com\/maps\/embed\/v1\/place?key=AIzaSyD09zQ9PNDNNy9TadMuzRV_UsPUoWKntt8&#038;q=Kamerun\"><\/iframe><\/p>\n<h2>\n\t\tImpressions de Bekoko<br \/>\n\t<\/h2>\n<h4>\n\t\tDes gens, des chantiers, des march\u00e9s, des h\u00f4pitaux, de la nourriture de rue, Bekoko,&#8230;.<br \/>\n\t<\/h4>\n","protected":false},"excerpt":{"rendered":"<p>Le Project En savoir plus sur le Cameroun et notre projet humanitaire \u00e0 Bekoko. L&rsquo;association KamerunGO! a pour objectif de mettre sur pied un centre de sant\u00e9 g\u00e9r\u00e9 par des employ\u00e9s locaux. Il s&rsquo;agira d&rsquo;un centre de soins et de consultations et nous travaillerons avec les h\u00f4pitaux de la r\u00e9gion quand n\u00e9cessaire. De cette mani\u00e8re,&hellip;<\/p>\n","protected":false},"author":1,"featured_media":0,"parent":0,"menu_order":0,"comment_status":"closed","ping_status":"closed","template":"","meta":{"footnotes":""},"class_list":["post-183","page","type-page","status-publish","hentry"],"yoast_head":"<!-- This site is optimized with the Yoast SEO plugin v23.9 - https:\/\/yoast.com\/wordpress\/plugins\/seo\/ -->\n<title>Notre projet - CamerounGO !<\/title>\n<meta name=\"description\" content=\"Avec notre association KamerunGO! Nous voulons construire un centre de sant\u00e9 m\u00e9dical \u00e0 Bekoko, au Cameroun, et diriger avec des employ\u00e9s locaux.\" \/>\n<meta name=\"robots\" content=\"index, follow, max-snippet:-1, max-image-preview:large, max-video-preview:-1\" \/>\n<link rel=\"canonical\" href=\"https:\/\/kamerungo.org\/fr\/projet\/\" \/>\n<meta property=\"og:locale\" content=\"fr_FR\" \/>\n<meta property=\"og:type\" content=\"article\" \/>\n<meta property=\"og:title\" content=\"Notre projet - CamerounGO !\" \/>\n<meta property=\"og:description\" content=\"Avec notre association KamerunGO! Nous voulons construire un centre de sant\u00e9 m\u00e9dical \u00e0 Bekoko, au Cameroun, et diriger avec des employ\u00e9s locaux.\" \/>\n<meta property=\"og:url\" content=\"https:\/\/kamerungo.org\/fr\/projet\/\" \/>\n<meta property=\"og:site_name\" content=\"KamerunGO!\" \/>\n<meta property=\"article:publisher\" content=\"https:\/\/facebook.com\/kamerungo\/\" \/>\n<meta property=\"article:modified_time\" content=\"2024-09-03T13:23:14+00:00\" \/>\n<meta property=\"og:image\" content=\"https:\/\/kamerungo.org\/wp-content\/uploads\/2017\/07\/Bekoko-02.jpg\" \/>\n<meta name=\"twitter:card\" content=\"summary_large_image\" \/>\n<meta name=\"twitter:label1\" content=\"Dur\u00e9e de lecture estim\u00e9e\" \/>\n\t<meta name=\"twitter:data1\" content=\"2 minutes\" \/>\n<script type=\"application\/ld+json\" class=\"yoast-schema-graph\">{\"@context\":\"https:\/\/schema.org\",\"@graph\":[{\"@type\":\"WebPage\",\"@id\":\"https:\/\/kamerungo.org\/fr\/projet\/\",\"url\":\"https:\/\/kamerungo.org\/fr\/projet\/\",\"name\":\"Notre projet - CamerounGO !\",\"isPartOf\":{\"@id\":\"https:\/\/kamerungo.org\/#website\"},\"primaryImageOfPage\":{\"@id\":\"https:\/\/kamerungo.org\/fr\/projet\/#primaryimage\"},\"image\":{\"@id\":\"https:\/\/kamerungo.org\/fr\/projet\/#primaryimage\"},\"thumbnailUrl\":\"https:\/\/kamerungo.org\/wp-content\/uploads\/2017\/07\/Bekoko-02.jpg\",\"datePublished\":\"2017-07-04T21:58:51+00:00\",\"dateModified\":\"2024-09-03T13:23:14+00:00\",\"description\":\"Avec notre association KamerunGO! Nous voulons construire un centre de sant\u00e9 m\u00e9dical \u00e0 Bekoko, au Cameroun, et diriger avec des employ\u00e9s locaux.\",\"breadcrumb\":{\"@id\":\"https:\/\/kamerungo.org\/fr\/projet\/#breadcrumb\"},\"inLanguage\":\"fr-FR\",\"potentialAction\":[{\"@type\":\"ReadAction\",\"target\":[\"https:\/\/kamerungo.org\/fr\/projet\/\"]}]},{\"@type\":\"ImageObject\",\"inLanguage\":\"fr-FR\",\"@id\":\"https:\/\/kamerungo.org\/fr\/projet\/#primaryimage\",\"url\":\"https:\/\/kamerungo.org\/wp-content\/uploads\/2017\/07\/Bekoko-02.jpg\",\"contentUrl\":\"https:\/\/kamerungo.org\/wp-content\/uploads\/2017\/07\/Bekoko-02.jpg\"},{\"@type\":\"BreadcrumbList\",\"@id\":\"https:\/\/kamerungo.org\/fr\/projet\/#breadcrumb\",\"itemListElement\":[{\"@type\":\"ListItem\",\"position\":1,\"name\":\"Home\",\"item\":\"https:\/\/kamerungo.org\/fr\/maison-de-noel-2020\/\"},{\"@type\":\"ListItem\",\"position\":2,\"name\":\"Projet\"}]},{\"@type\":\"WebSite\",\"@id\":\"https:\/\/kamerungo.org\/#website\",\"url\":\"https:\/\/kamerungo.org\/\",\"name\":\"KamerunGO!\",\"description\":\"Ta contribution permet la construction du premier centre m\u00e9dical de Bekoko au Cameroun.\",\"publisher\":{\"@id\":\"https:\/\/kamerungo.org\/#organization\"},\"potentialAction\":[{\"@type\":\"SearchAction\",\"target\":{\"@type\":\"EntryPoint\",\"urlTemplate\":\"https:\/\/kamerungo.org\/?s={search_term_string}\"},\"query-input\":{\"@type\":\"PropertyValueSpecification\",\"valueRequired\":true,\"valueName\":\"search_term_string\"}}],\"inLanguage\":\"fr-FR\"},{\"@type\":\"Organization\",\"@id\":\"https:\/\/kamerungo.org\/#organization\",\"name\":\"KamerunGO!\",\"url\":\"https:\/\/kamerungo.org\/\",\"logo\":{\"@type\":\"ImageObject\",\"inLanguage\":\"fr-FR\",\"@id\":\"https:\/\/kamerungo.org\/#\/schema\/logo\/image\/\",\"url\":\"https:\/\/kamerungo.org\/wp-content\/uploads\/2017\/11\/Logo_KamerunGO_web_v.0.1_white_square.png\",\"contentUrl\":\"https:\/\/kamerungo.org\/wp-content\/uploads\/2017\/11\/Logo_KamerunGO_web_v.0.1_white_square.png\",\"width\":2000,\"height\":2000,\"caption\":\"KamerunGO!\"},\"image\":{\"@id\":\"https:\/\/kamerungo.org\/#\/schema\/logo\/image\/\"},\"sameAs\":[\"https:\/\/facebook.com\/kamerungo\/\",\"https:\/\/www.instagram.com\/kamerungo\/\",\"https:\/\/www.youtube.com\/channel\/UCBDOv0SqVKjq9FX8x-JnjeA\/\"]}]}<\/script>\n<!-- \/ Yoast SEO plugin. -->","yoast_head_json":{"title":"Notre projet - CamerounGO !","description":"Avec notre association KamerunGO! Nous voulons construire un centre de sant\u00e9 m\u00e9dical \u00e0 Bekoko, au Cameroun, et diriger avec des employ\u00e9s locaux.","robots":{"index":"index","follow":"follow","max-snippet":"max-snippet:-1","max-image-preview":"max-image-preview:large","max-video-preview":"max-video-preview:-1"},"canonical":"https:\/\/kamerungo.org\/fr\/projet\/","og_locale":"fr_FR","og_type":"article","og_title":"Notre projet - CamerounGO !","og_description":"Avec notre association KamerunGO! Nous voulons construire un centre de sant\u00e9 m\u00e9dical \u00e0 Bekoko, au Cameroun, et diriger avec des employ\u00e9s locaux.","og_url":"https:\/\/kamerungo.org\/fr\/projet\/","og_site_name":"KamerunGO!","article_publisher":"https:\/\/facebook.com\/kamerungo\/","article_modified_time":"2024-09-03T13:23:14+00:00","og_image":[{"url":"https:\/\/kamerungo.org\/wp-content\/uploads\/2017\/07\/Bekoko-02.jpg"}],"twitter_card":"summary_large_image","twitter_misc":{"Dur\u00e9e de lecture estim\u00e9e":"2 minutes"},"schema":{"@context":"https:\/\/schema.org","@graph":[{"@type":"WebPage","@id":"https:\/\/kamerungo.org\/fr\/projet\/","url":"https:\/\/kamerungo.org\/fr\/projet\/","name":"Notre projet - CamerounGO !","isPartOf":{"@id":"https:\/\/kamerungo.org\/#website"},"primaryImageOfPage":{"@id":"https:\/\/kamerungo.org\/fr\/projet\/#primaryimage"},"image":{"@id":"https:\/\/kamerungo.org\/fr\/projet\/#primaryimage"},"thumbnailUrl":"https:\/\/kamerungo.org\/wp-content\/uploads\/2017\/07\/Bekoko-02.jpg","datePublished":"2017-07-04T21:58:51+00:00","dateModified":"2024-09-03T13:23:14+00:00","description":"Avec notre association KamerunGO! Nous voulons construire un centre de sant\u00e9 m\u00e9dical \u00e0 Bekoko, au Cameroun, et diriger avec des employ\u00e9s locaux.","breadcrumb":{"@id":"https:\/\/kamerungo.org\/fr\/projet\/#breadcrumb"},"inLanguage":"fr-FR","potentialAction":[{"@type":"ReadAction","target":["https:\/\/kamerungo.org\/fr\/projet\/"]}]},{"@type":"ImageObject","inLanguage":"fr-FR","@id":"https:\/\/kamerungo.org\/fr\/projet\/#primaryimage","url":"https:\/\/kamerungo.org\/wp-content\/uploads\/2017\/07\/Bekoko-02.jpg","contentUrl":"https:\/\/kamerungo.org\/wp-content\/uploads\/2017\/07\/Bekoko-02.jpg"},{"@type":"BreadcrumbList","@id":"https:\/\/kamerungo.org\/fr\/projet\/#breadcrumb","itemListElement":[{"@type":"ListItem","position":1,"name":"Home","item":"https:\/\/kamerungo.org\/fr\/maison-de-noel-2020\/"},{"@type":"ListItem","position":2,"name":"Projet"}]},{"@type":"WebSite","@id":"https:\/\/kamerungo.org\/#website","url":"https:\/\/kamerungo.org\/","name":"KamerunGO!","description":"Ta contribution permet la construction du premier centre m\u00e9dical de Bekoko au Cameroun.","publisher":{"@id":"https:\/\/kamerungo.org\/#organization"},"potentialAction":[{"@type":"SearchAction","target":{"@type":"EntryPoint","urlTemplate":"https:\/\/kamerungo.org\/?s={search_term_string}"},"query-input":{"@type":"PropertyValueSpecification","valueRequired":true,"valueName":"search_term_string"}}],"inLanguage":"fr-FR"},{"@type":"Organization","@id":"https:\/\/kamerungo.org\/#organization","name":"KamerunGO!","url":"https:\/\/kamerungo.org\/","logo":{"@type":"ImageObject","inLanguage":"fr-FR","@id":"https:\/\/kamerungo.org\/#\/schema\/logo\/image\/","url":"https:\/\/kamerungo.org\/wp-content\/uploads\/2017\/11\/Logo_KamerunGO_web_v.0.1_white_square.png","contentUrl":"https:\/\/kamerungo.org\/wp-content\/uploads\/2017\/11\/Logo_KamerunGO_web_v.0.1_white_square.png","width":2000,"height":2000,"caption":"KamerunGO!"},"image":{"@id":"https:\/\/kamerungo.org\/#\/schema\/logo\/image\/"},"sameAs":["https:\/\/facebook.com\/kamerungo\/","https:\/\/www.instagram.com\/kamerungo\/","https:\/\/www.youtube.com\/channel\/UCBDOv0SqVKjq9FX8x-JnjeA\/"]}]}},"_links":{"self":[{"href":"https:\/\/kamerungo.org\/fr\/wp-json\/wp\/v2\/pages\/183","targetHints":{"allow":["GET"]}}],"collection":[{"href":"https:\/\/kamerungo.org\/fr\/wp-json\/wp\/v2\/pages"}],"about":[{"href":"https:\/\/kamerungo.org\/fr\/wp-json\/wp\/v2\/types\/page"}],"author":[{"embeddable":true,"href":"https:\/\/kamerungo.org\/fr\/wp-json\/wp\/v2\/users\/1"}],"replies":[{"embeddable":true,"href":"https:\/\/kamerungo.org\/fr\/wp-json\/wp\/v2\/comments?post=183"}],"version-history":[{"count":2,"href":"https:\/\/kamerungo.org\/fr\/wp-json\/wp\/v2\/pages\/183\/revisions"}],"predecessor-version":[{"id":2678,"href":"https:\/\/kamerungo.org\/fr\/wp-json\/wp\/v2\/pages\/183\/revisions\/2678"}],"wp:attachment":[{"href":"https:\/\/kamerungo.org\/fr\/wp-json\/wp\/v2\/media?parent=183"}],"curies":[{"name":"wp","href":"https:\/\/api.w.org\/{rel}","templated":true}]}}