{"id":4159,"date":"2024-09-03T15:26:25","date_gmt":"2024-09-03T13:26:25","guid":{"rendered":"https:\/\/kamerungo.org\/pineapples4christmas\/"},"modified":"2024-09-03T15:26:25","modified_gmt":"2024-09-03T13:26:25","slug":"pineapples4christmas","status":"publish","type":"page","link":"https:\/\/kamerungo.org\/en\/pineapples4christmas\/","title":{"rendered":"#Pineapples4Christmas"},"content":{"rendered":"<h1>\n\t\t#Pineapples4Christmas\n\t<\/h1>\n\t<p><strong>Bald ist es soweit! Im Januar 2020 er\u00f6ffnen wir das erste medizinische Gesundheitszentrum in Bekoko, Kamerun.<\/strong><\/p>\n<p>F\u00fcr die Betriebsaufnahme ben\u00f6tigen wir noch 12&#8217;000.- Franken. Mit dem Betrag wollen wir&#8230;<\/p>\n<ul>\n<li>ein Mikroskop\u00a0\ud83d\udd2c f\u00fcr Blutanalysen beschaffen,<\/li>\n<li>den Innenausbau\u00a0des Gesundheitszentrums \ud83c\udfe0\u00a0finalisieren,<\/li>\n<li>den Betrieb f\u00fcr die ersten drei Monate sicherstellen.<\/li>\n<\/ul>\n<p>Und so kannst du uns unterst\u00fctzen \ud83d\udc47<\/p>\n\t\t\t<a href=\"#spenden\" target=\"_self\" role=\"button\" rel=\"noopener noreferrer\">\n\t\t\t\t\t\tJetzt spenden f\u00fcr KamerunGO!\n\t\t\t\t\t<\/a>\n\t\t\t<a href=\"#bestellen\" target=\"_self\" role=\"button\" rel=\"noopener noreferrer\">\n\t\t\t\t\t\tGetrocknete Ananas aus Kamerun bestellen!\n\t\t\t\t\t<\/a>\n<h1>\n\t\tDas Gesundheitszentrum steht! \ud83c\udf89\n\t<\/h1>\n<h3>\n\t\tIm letzten Jahr konnten wir dank deiner Unterst\u00fctzung und dank der Unterst\u00fctzung unserer Partner viel erreichen!\n\t<\/h3>\n\t<p><strong>Wieso es sich lohnt, KamerunGO! zu unterst\u00fctzen:<\/strong><\/p>\n<ul>\n<li>KamerunGO! ist eine Humanit\u00e4re Schweizer\u00a0Non-Profit Organisation mit direkten Kontakten in Kamerun.<\/li>\n<li><strong>Deine Spende kommt an!<\/strong><\/li>\n<li>Die lokale Bev\u00f6lkerung ist\u00a0<strong>aktiv<\/strong>\u00a0am Projekt beteiligtt.<\/li>\n<li>Der Vorstand arbeitet zu <strong>100% ehrenamtlich<\/strong>.<\/li>\n<li>KamerunGO! arbeitet eng mit internationalen NGOs zusammen.<\/li>\n<\/ul>\n\t\t\t\t<img decoding=\"async\" src=\"https:\/\/kamerungo.org\/wp-content\/uploads\/2019\/11\/kamerunGO_master.jpg\" alt=\"kamerunGO_master\" itemprop=\"image\" height=\"276\" width=\"630\" title=\"kamerunGO_master\" onerror=\"this.style.display='none'\"  \/>\n\t<iframe src=\"https:\/\/www.google.com\/maps\/embed?pb=!1m18!1m12!1m3!1d604.9311167049015!2d9.579077170390079!3d4.111102845911745!2m3!1f0!2f0!3f0!3m2!1i1024!2i768!4f13.1!3m3!1m2!1s0x106117779f1de32d%3A0xb6b024d78a49194c!2sMedical%20Center%20Hope%20and%20Life%20Cameroun!5e1!3m2!1sen!2sch!4v1574706474024!5m2!1sen!2sch\" width=\"100%\" height=\"200\" frameborder=\"0\" allowfullscreen=\"\"><\/iframe>\n<h1>\n\t\tJetzt getrocknete \ud83c\udf4dund \ud83e\udd6d bestellen!\n\t<\/h1>\n\t<p>Jetzt leckere Ananas oder Mangos aus Kamerun bestellen. Ob als Weihnachtsgeschenk oder zum privaten Verzehr \ud83d\ude0b\u00a0\u2013 der Erl\u00f6s fliesst direkt in das Gesundheitszentrum. Ein P\u00e4ckli (150g) kostet 18 Franken. Bestelle jetzt und unterst\u00fctze das Projekt in Bekoko.<\/p>\n<h2>\n\t\tShoppen f\u00fcr einen guten Zweck!\n\t<\/h2>\n\tKaufe deine Weihnachtsgeschenke via buy&#8217;n&#8217;help und generiere bei jedem Einkauf eine Spende ohne Extrakosten! Die Provision f\u00fcr den Einkauf in \u00fcber 216 Shops (z.B. Conrad, LeShop, Ochsner Sport) kannst du anschliessend <strong>KamerunGO! <\/strong>spenden.\n\t\t\t<a href=\"http:\/\/www.buynhelp.ch\/Unterstuetzen\/123\" target=\"_blank\" role=\"button\" rel=\"noopener noreferrer\">\n\t\t\t\t\t\tJetzt Online Einkaufen!\n\t\t\t\t\t<\/a>\n<h2>\n\t\tKamerunGO! &#8211; Eine humanit\u00e4re non-profit Organisation\n\t<\/h2>\n<h3>\n\t\tMit deinem Beitrag erm\u00f6glichst du den Bau des ersten Gesundheitszentrums in Bekoko, Kamerun!\n\t<\/h3>\n\t\t\t\t<img decoding=\"async\" src=\"https:\/\/kamerungo.org\/wp-content\/uploads\/2019\/11\/DSC01694-1024x685.jpg\" alt=\"DSC01694\" itemprop=\"image\" height=\"685\" width=\"1024\" title=\"DSC01694\" onerror=\"this.style.display='none'\"  \/>\n\t<p>Ursina Sprenger<\/p>\n<p><em>Pr\u00e4sidentin und Gr\u00fcnderin KamerunGO!<\/em><\/p>\n\t<blockquote><p>Mit unserem Verein KamerunGO! m\u00f6chten wir in Bekoko das erste medizinische Zentrum aufbauen und mit lokalen Mitarbeitern f\u00fchren. Ziel ist es, eine Anlaufstelle zu schaffen, die Beratungen und Pr\u00e4ventionsarbeiten anbietet. Dadurch soll die Gesundheitssituation in Bekoko nachhaltig verbessert werden.<\/p><\/blockquote>\n<p><strong>Wieso es sich lohnt, KamerunGO! zu unterst\u00fctzen:<\/strong><\/p>\n<ul>\n<li>Ein Projekt um <strong>nachhaltig<\/strong> die Gesundheitssituation in Kamerun zu verbessern.<\/li>\n<li>KamerunGO! ist eine Humanit\u00e4re Schweizer\u00a0Non-Profit Organisation mit direkten Kontakten in Kamerun.<\/li>\n<li>Praktisch keine administrative Geb\u00fchren &#8211; <strong>Deine Spende kommt an!<\/strong><\/li>\n<li>Die lokale Bev\u00f6lkerung wird <strong>aktiv<\/strong> im Projekt involviert.<\/li>\n<li>Der Vorstand arbeitet zu <strong>100% ehrenamtlich<\/strong>.<\/li>\n<li>Enge Zusammenarbeit mit internationalen NGOs.<\/li>\n<\/ul>\n\t\t\t<a href=\"#spenden\" target=\"_self\" role=\"button\" rel=\"noopener noreferrer\">\n\t\t\t\t\t\tJetzt Spenden!\n\t\t\t\t\t<\/a>\n\t\t\t<a href=\"https:\/\/kamerungo.org\/projekt\/\" target=\"_self\" role=\"button\" rel=\"noopener noreferrer\">\n\t\t\t\t\t\tMehr zum Projekt!\n\t\t\t\t\t<\/a>\n<h1>\n\t\tAuf der Baustelle ist viel los \ud83d\ude42\n\t<\/h1>\n<h3>\n\t\tIm letzten Jahr konnten wir Dank deiner Unterst\u00fctzung und Dank der Unterst\u00fctzung unserer Partner viel erreichen!\n\t<\/h3>\n<h2>\n\t\tUnsere Partner\n\t<\/h2>\n<h3>\n\t\tWir setzen auf starke Partner, um die gesundheitliche Situation in Kamerun nachhaltig zu verbessern.\n\t<\/h3>\n\t<p>Gemeinsam mit unserer Partnerorganisation KamerunGO! in der Schweiz wollen wir in Bekoko ein medizinisches Zentrum nachhaltig schaffen. Weitere Partner in der Schweiz und Kamerun helfen uns bei finanziellen, materiellen oder organisatorischen Aufgaben.<\/p>\n\t\t\t\t<a href=\"https:\/\/hopeandlifecameroun.org\/\" target=\"_self\" itemprop=\"url\" rel=\"noopener noreferrer\">\n\t\t\t\t<img decoding=\"async\" src=\"https:\/\/kamerungo.org\/wp-content\/uploads\/2017\/12\/Logo_HopeAndLifeCameroun_v.0.1_white_500.png\" alt=\"Logo_HopeAndLifeCameroun_v.0.1_white_500\" itemprop=\"image\" height=\"363\" width=\"880\" title=\"Logo_HopeAndLifeCameroun_v.0.1_white_500\" onerror=\"this.style.display='none'\"  \/>\n\t\t\t\t<\/a>\n\t<p>Zusammen mit unserem lokalen Partnerverein m\u00f6chten wir die Gesundheitsversorgung in Kamerun nachhaltig verbessern. Der Verein wurde von den gleichen Gr\u00fcndern wie KamerunGO! initiiert und teilt die gleichen Werte. Wir arbeiten sehr eng zusammen.<\/p>\n\t\t\t\t<a href=\"https:\/\/www.barmherzigkeit.at\/\" target=\"_blank\" rel=\"noopener noreferrer\" itemprop=\"url\">\n\t\t\t\t<img decoding=\"async\" src=\"https:\/\/kamerungo.org\/wp-content\/uploads\/2019\/09\/wmf_logo_4c_NEU.eps_.jpeg\" alt=\"wmf_logo_4c_NEU.eps\" itemprop=\"image\" height=\"187\" width=\"1053\" title=\"wmf_logo_4c_NEU.eps\" onerror=\"this.style.display='none'\"  \/>\n\t\t\t\t<\/a>\n\t<p>Die WMF Barmherzigkeit e.V. hat von Anfang an uns und unser Projekt geglaubt. Wir sind sehr dankbar f\u00fcr ihre finanzielle und mentale Unterst\u00fctzung!<\/p>\n\t\t\t\t<a href=\"https:\/\/www.bon-secours.de\/\" target=\"_blank\" rel=\"noopener noreferrer\" itemprop=\"url\">\n\t\t\t\t<img decoding=\"async\" src=\"https:\/\/kamerungo.org\/wp-content\/uploads\/2017\/12\/logo_bonsecours.jpg\" alt=\"logo_bonsecours\" itemprop=\"image\" height=\"542\" width=\"1437\" title=\"logo_bonsecours\" onerror=\"this.style.display='none'\"  \/>\n\t\t\t\t<\/a>\n\t<p>Mit Bon Secours haben wir k\u00fcrzlich unsere Partnerschaft verl\u00e4ngert und sind nun der lokale Koordinator mit den meisten Projekten in Kamerun.<\/p>\n\t\t\t\t<img decoding=\"async\" src=\"https:\/\/kamerungo.org\/wp-content\/uploads\/2017\/10\/MedicalnetworkCameroon-286x300.png\" alt=\"MedicalnetworkCameroon\" itemprop=\"image\" height=\"300\" width=\"286\" title=\"MedicalnetworkCameroon\" onerror=\"this.style.display='none'\"  \/>\n\t<p>Das Medical Center Hope und Life und der Verein Hope und Life Cameroon sind beide Partner des Medical Network Cameron, das 2016 vom Bon Secours e.V. initiiert wurde!<\/p>\n\t\t\t\t<a href=\"http:\/\/solafrica.ch\" target=\"_blank\" rel=\"noopener noreferrer\" itemprop=\"url\">\n\t\t\t\t<img decoding=\"async\" src=\"https:\/\/kamerungo.org\/wp-content\/uploads\/2018\/12\/Logo-neu_Logo-Claim.png\" alt=\"Logo-neu_Logo-Claim\" itemprop=\"image\" height=\"454\" width=\"1475\" title=\"Logo-neu_Logo-Claim\" onerror=\"this.style.display='none'\"  \/>\n\t\t\t\t<\/a>\n\t<p>Wir nehmen Nachhaltigkeit sehr ernst. In einem Land wie Kamerun stellt dies jedoch eine gr\u00f6ssere Herausforderung dar. Zusammen mit Solafrica und Jeunesse Verte haben wir Partner gefunden, die uns geholfen haben, eine nachhaltigen Energieversorgung sicherzustellen.<\/p>\n","protected":false},"excerpt":{"rendered":"<p>#Pineapples4Christmas Bald ist es soweit! Im Januar 2020 er\u00f6ffnen wir das erste medizinische Gesundheitszentrum in Bekoko, Kamerun. F\u00fcr die Betriebsaufnahme ben\u00f6tigen wir noch 12&#8217;000.- Franken. Mit dem Betrag wollen wir&#8230; ein Mikroskop\u00a0\ud83d\udd2c f\u00fcr Blutanalysen beschaffen, den Innenausbau\u00a0des Gesundheitszentrums \ud83c\udfe0\u00a0finalisieren, den Betrieb f\u00fcr die ersten drei Monate sicherstellen. Und so kannst du uns unterst\u00fctzen \ud83d\udc47 Jetzt&hellip;<\/p>\n","protected":false},"author":1,"featured_media":0,"parent":0,"menu_order":0,"comment_status":"closed","ping_status":"closed","template":"","meta":{"give_campaign_id":0,"footnotes":""},"class_list":["post-4159","page","type-page","status-publish","hentry"],"yoast_head":"<!-- This site is optimized with the Yoast SEO plugin v27.4 - https:\/\/yoast.com\/product\/yoast-seo-wordpress\/ -->\n<title>#Pineapples4Christmas - KamerunGO!<\/title>\n<meta name=\"description\" content=\"Sustainable donations - humanitarian non-profit organization KamerunGO! Buy dried pineapples and mangoes for a good cause.\" \/>\n<meta name=\"robots\" content=\"index, follow, max-snippet:-1, max-image-preview:large, max-video-preview:-1\" \/>\n<link rel=\"canonical\" href=\"https:\/\/kamerungo.org\/en\/pineapples4christmas\/\" \/>\n<meta property=\"og:locale\" content=\"en_US\" \/>\n<meta property=\"og:type\" content=\"article\" \/>\n<meta property=\"og:title\" content=\"#Pineapples4Christmas - KamerunGO!\" \/>\n<meta property=\"og:description\" content=\"A meaningful Christmas gift - a sustainable donation for KamerunGO! by buying dried pineapples!\" \/>\n<meta property=\"og:url\" content=\"https:\/\/kamerungo.org\/en\/pineapples4christmas\/\" \/>\n<meta property=\"og:site_name\" content=\"KamerunGO!\" \/>\n<meta property=\"article:publisher\" content=\"https:\/\/facebook.com\/kamerungo\/\" \/>\n<meta property=\"og:image\" content=\"https:\/\/kamerungo.org\/wp-content\/uploads\/2019\/12\/Pineapples4Christmas_OE.png\" \/>\n<meta name=\"twitter:card\" content=\"summary_large_image\" \/>\n<meta name=\"twitter:title\" content=\"#Pineapples4Christmas - KamerunGO!\" \/>\n<meta name=\"twitter:description\" content=\"A meaningful Christmas gift - a sustainable donation for KamerunGO! by buying dried pineapples!\" \/>\n<meta name=\"twitter:label1\" content=\"Est. reading time\" \/>\n\t<meta name=\"twitter:data1\" content=\"3 minutes\" \/>\n<script type=\"application\/ld+json\" class=\"yoast-schema-graph\">{\"@context\":\"https:\\\/\\\/schema.org\",\"@graph\":[{\"@type\":\"WebPage\",\"@id\":\"https:\\\/\\\/kamerungo.org\\\/en\\\/pineapples4christmas\\\/\",\"url\":\"https:\\\/\\\/kamerungo.org\\\/en\\\/pineapples4christmas\\\/\",\"name\":\"#Pineapples4Christmas - KamerunGO!\",\"isPartOf\":{\"@id\":\"https:\\\/\\\/kamerungo.org\\\/#website\"},\"primaryImageOfPage\":{\"@id\":\"https:\\\/\\\/kamerungo.org\\\/en\\\/pineapples4christmas\\\/#primaryimage\"},\"image\":{\"@id\":\"https:\\\/\\\/kamerungo.org\\\/en\\\/pineapples4christmas\\\/#primaryimage\"},\"thumbnailUrl\":\"https:\\\/\\\/kamerungo.org\\\/wp-content\\\/uploads\\\/2019\\\/11\\\/kamerunGO_master.jpg\",\"datePublished\":\"2024-09-03T13:26:25+00:00\",\"description\":\"Sustainable donations - humanitarian non-profit organization KamerunGO! Buy dried pineapples and mangoes for a good cause.\",\"breadcrumb\":{\"@id\":\"https:\\\/\\\/kamerungo.org\\\/en\\\/pineapples4christmas\\\/#breadcrumb\"},\"inLanguage\":\"en-US\",\"potentialAction\":[{\"@type\":\"ReadAction\",\"target\":[\"https:\\\/\\\/kamerungo.org\\\/en\\\/pineapples4christmas\\\/\"]}]},{\"@type\":\"ImageObject\",\"inLanguage\":\"en-US\",\"@id\":\"https:\\\/\\\/kamerungo.org\\\/en\\\/pineapples4christmas\\\/#primaryimage\",\"url\":\"https:\\\/\\\/kamerungo.org\\\/wp-content\\\/uploads\\\/2019\\\/11\\\/kamerunGO_master.jpg\",\"contentUrl\":\"https:\\\/\\\/kamerungo.org\\\/wp-content\\\/uploads\\\/2019\\\/11\\\/kamerunGO_master.jpg\"},{\"@type\":\"BreadcrumbList\",\"@id\":\"https:\\\/\\\/kamerungo.org\\\/en\\\/pineapples4christmas\\\/#breadcrumb\",\"itemListElement\":[{\"@type\":\"ListItem\",\"position\":1,\"name\":\"Home\",\"item\":\"https:\\\/\\\/kamerungo.org\\\/en\\\/home\\\/\"},{\"@type\":\"ListItem\",\"position\":2,\"name\":\"#Pineapples4Christmas\"}]},{\"@type\":\"WebSite\",\"@id\":\"https:\\\/\\\/kamerungo.org\\\/#website\",\"url\":\"https:\\\/\\\/kamerungo.org\\\/\",\"name\":\"KamerunGO!\",\"description\":\"Eine humanit\u00e4re non-profit Organisation\",\"publisher\":{\"@id\":\"https:\\\/\\\/kamerungo.org\\\/#organization\"},\"potentialAction\":[{\"@type\":\"SearchAction\",\"target\":{\"@type\":\"EntryPoint\",\"urlTemplate\":\"https:\\\/\\\/kamerungo.org\\\/?s={search_term_string}\"},\"query-input\":{\"@type\":\"PropertyValueSpecification\",\"valueRequired\":true,\"valueName\":\"search_term_string\"}}],\"inLanguage\":\"en-US\"},{\"@type\":\"Organization\",\"@id\":\"https:\\\/\\\/kamerungo.org\\\/#organization\",\"name\":\"KamerunGO!\",\"url\":\"https:\\\/\\\/kamerungo.org\\\/\",\"logo\":{\"@type\":\"ImageObject\",\"inLanguage\":\"en-US\",\"@id\":\"https:\\\/\\\/kamerungo.org\\\/#\\\/schema\\\/logo\\\/image\\\/\",\"url\":\"https:\\\/\\\/kamerungo.org\\\/wp-content\\\/uploads\\\/2017\\\/11\\\/Logo_KamerunGO_web_v.0.1_white_square.png\",\"contentUrl\":\"https:\\\/\\\/kamerungo.org\\\/wp-content\\\/uploads\\\/2017\\\/11\\\/Logo_KamerunGO_web_v.0.1_white_square.png\",\"width\":2000,\"height\":2000,\"caption\":\"KamerunGO!\"},\"image\":{\"@id\":\"https:\\\/\\\/kamerungo.org\\\/#\\\/schema\\\/logo\\\/image\\\/\"},\"sameAs\":[\"https:\\\/\\\/facebook.com\\\/kamerungo\\\/\",\"https:\\\/\\\/www.instagram.com\\\/kamerungo\\\/\",\"https:\\\/\\\/www.youtube.com\\\/channel\\\/UCBDOv0SqVKjq9FX8x-JnjeA\\\/\"]}]}<\/script>\n<!-- \/ Yoast SEO plugin. -->","yoast_head_json":{"title":"#Pineapples4Christmas - KamerunGO!","description":"Sustainable donations - humanitarian non-profit organization KamerunGO! Buy dried pineapples and mangoes for a good cause.","robots":{"index":"index","follow":"follow","max-snippet":"max-snippet:-1","max-image-preview":"max-image-preview:large","max-video-preview":"max-video-preview:-1"},"canonical":"https:\/\/kamerungo.org\/en\/pineapples4christmas\/","og_locale":"en_US","og_type":"article","og_title":"#Pineapples4Christmas - KamerunGO!","og_description":"A meaningful Christmas gift - a sustainable donation for KamerunGO! by buying dried pineapples!","og_url":"https:\/\/kamerungo.org\/en\/pineapples4christmas\/","og_site_name":"KamerunGO!","article_publisher":"https:\/\/facebook.com\/kamerungo\/","og_image":[{"url":"https:\/\/kamerungo.org\/wp-content\/uploads\/2019\/12\/Pineapples4Christmas_OE.png","type":"","width":"","height":""}],"twitter_card":"summary_large_image","twitter_title":"#Pineapples4Christmas - KamerunGO!","twitter_description":"A meaningful Christmas gift - a sustainable donation for KamerunGO! by buying dried pineapples!","twitter_misc":{"Est. reading time":"3 minutes"},"schema":{"@context":"https:\/\/schema.org","@graph":[{"@type":"WebPage","@id":"https:\/\/kamerungo.org\/en\/pineapples4christmas\/","url":"https:\/\/kamerungo.org\/en\/pineapples4christmas\/","name":"#Pineapples4Christmas - KamerunGO!","isPartOf":{"@id":"https:\/\/kamerungo.org\/#website"},"primaryImageOfPage":{"@id":"https:\/\/kamerungo.org\/en\/pineapples4christmas\/#primaryimage"},"image":{"@id":"https:\/\/kamerungo.org\/en\/pineapples4christmas\/#primaryimage"},"thumbnailUrl":"https:\/\/kamerungo.org\/wp-content\/uploads\/2019\/11\/kamerunGO_master.jpg","datePublished":"2024-09-03T13:26:25+00:00","description":"Sustainable donations - humanitarian non-profit organization KamerunGO! Buy dried pineapples and mangoes for a good cause.","breadcrumb":{"@id":"https:\/\/kamerungo.org\/en\/pineapples4christmas\/#breadcrumb"},"inLanguage":"en-US","potentialAction":[{"@type":"ReadAction","target":["https:\/\/kamerungo.org\/en\/pineapples4christmas\/"]}]},{"@type":"ImageObject","inLanguage":"en-US","@id":"https:\/\/kamerungo.org\/en\/pineapples4christmas\/#primaryimage","url":"https:\/\/kamerungo.org\/wp-content\/uploads\/2019\/11\/kamerunGO_master.jpg","contentUrl":"https:\/\/kamerungo.org\/wp-content\/uploads\/2019\/11\/kamerunGO_master.jpg"},{"@type":"BreadcrumbList","@id":"https:\/\/kamerungo.org\/en\/pineapples4christmas\/#breadcrumb","itemListElement":[{"@type":"ListItem","position":1,"name":"Home","item":"https:\/\/kamerungo.org\/en\/home\/"},{"@type":"ListItem","position":2,"name":"#Pineapples4Christmas"}]},{"@type":"WebSite","@id":"https:\/\/kamerungo.org\/#website","url":"https:\/\/kamerungo.org\/","name":"KamerunGO!","description":"Eine humanit\u00e4re non-profit Organisation","publisher":{"@id":"https:\/\/kamerungo.org\/#organization"},"potentialAction":[{"@type":"SearchAction","target":{"@type":"EntryPoint","urlTemplate":"https:\/\/kamerungo.org\/?s={search_term_string}"},"query-input":{"@type":"PropertyValueSpecification","valueRequired":true,"valueName":"search_term_string"}}],"inLanguage":"en-US"},{"@type":"Organization","@id":"https:\/\/kamerungo.org\/#organization","name":"KamerunGO!","url":"https:\/\/kamerungo.org\/","logo":{"@type":"ImageObject","inLanguage":"en-US","@id":"https:\/\/kamerungo.org\/#\/schema\/logo\/image\/","url":"https:\/\/kamerungo.org\/wp-content\/uploads\/2017\/11\/Logo_KamerunGO_web_v.0.1_white_square.png","contentUrl":"https:\/\/kamerungo.org\/wp-content\/uploads\/2017\/11\/Logo_KamerunGO_web_v.0.1_white_square.png","width":2000,"height":2000,"caption":"KamerunGO!"},"image":{"@id":"https:\/\/kamerungo.org\/#\/schema\/logo\/image\/"},"sameAs":["https:\/\/facebook.com\/kamerungo\/","https:\/\/www.instagram.com\/kamerungo\/","https:\/\/www.youtube.com\/channel\/UCBDOv0SqVKjq9FX8x-JnjeA\/"]}]}},"campaignId":"","_links":{"self":[{"href":"https:\/\/kamerungo.org\/en\/wp-json\/wp\/v2\/pages\/4159","targetHints":{"allow":["GET"]}}],"collection":[{"href":"https:\/\/kamerungo.org\/en\/wp-json\/wp\/v2\/pages"}],"about":[{"href":"https:\/\/kamerungo.org\/en\/wp-json\/wp\/v2\/types\/page"}],"author":[{"embeddable":true,"href":"https:\/\/kamerungo.org\/en\/wp-json\/wp\/v2\/users\/1"}],"replies":[{"embeddable":true,"href":"https:\/\/kamerungo.org\/en\/wp-json\/wp\/v2\/comments?post=4159"}],"version-history":[{"count":1,"href":"https:\/\/kamerungo.org\/en\/wp-json\/wp\/v2\/pages\/4159\/revisions"}],"predecessor-version":[{"id":4161,"href":"https:\/\/kamerungo.org\/en\/wp-json\/wp\/v2\/pages\/4159\/revisions\/4161"}],"wp:attachment":[{"href":"https:\/\/kamerungo.org\/en\/wp-json\/wp\/v2\/media?parent=4159"}],"curies":[{"name":"wp","href":"https:\/\/api.w.org\/{rel}","templated":true}]}}